{"id":3445,"date":"2019-04-13T12:10:49","date_gmt":"2019-04-13T10:10:49","guid":{"rendered":"http:\/\/localhost\/tavolozza2019\/?page_id=3445"},"modified":"2026-02-09T13:12:48","modified_gmt":"2026-02-09T12:12:48","slug":"la-guida-i-ristoranti-della-tavolozza","status":"publish","type":"page","link":"https:\/\/ristorantidellatavolozza.it\/en\/la-guida-i-ristoranti-della-tavolozza\/","title":{"rendered":"La guida i ristoranti della Tavolozza"},"content":{"rendered":"<div id='layer_slider_1'  class='avia-layerslider main_color avia-shadow  avia-builder-el-0  el_before_av_section  avia-builder-el-first  container_wrap sidebar_right'  style='height: 151px;'  ><\/div>\n\n<style type=\"text\/css\" data-created_by=\"avia_inline_auto\" id=\"style-css-av-jufcavop-c72a4826c28f18291b49cd2f1d684bce\">\n.avia-section.av-jufcavop-c72a4826c28f18291b49cd2f1d684bce{\nbackground-repeat:repeat;\nbackground-image:url(https:\/\/ristorantidellatavolozza.it\/wp-content\/uploads\/2019\/04\/dynamic-style-80x80.png);\nbackground-position:0% 0%;\nbackground-attachment:scroll;\n}\n<\/style>\n<div id='av_section_1'  class='avia-section av-jufcavop-c72a4826c28f18291b49cd2f1d684bce main_color avia-section-default avia-no-border-styling  avia-builder-el-1  el_after_av_layerslider  el_before_av_section  avia-bg-style-scroll container_wrap sidebar_right'  data-section-bg-repeat='repeat'><div class='container av-section-cont-open' ><div class='template-page content  av-content-small alpha units'><div class='post-entry post-entry-type-page post-entry-3445'><div class='entry-content-wrapper clearfix'>\n\n<style type=\"text\/css\" data-created_by=\"avia_inline_auto\" id=\"style-css-av-4p96id-a6250c054cef4bd172d9edccbc4dfbd2\">\n.flex_column.av-4p96id-a6250c054cef4bd172d9edccbc4dfbd2{\nborder-radius:0px 0px 0px 0px;\n-webkit-border-radius:0px 0px 0px 0px;\n-moz-border-radius:0px 0px 0px 0px;\n}\n<\/style>\n<div class='flex_column av-4p96id-a6250c054cef4bd172d9edccbc4dfbd2 av_one_half  avia-builder-el-2  el_before_av_one_half  avia-builder-el-first  first flex_column_div av-zero-column-padding '   ><style type=\"text\/css\" data-created_by=\"avia_inline_auto\" id=\"style-css-av-jufdkcze-3a08a5f26ea9f0d09706f0bf9d761f04\">\n.avia-image-container.av-jufdkcze-3a08a5f26ea9f0d09706f0bf9d761f04 .av-image-caption-overlay-center{\ncolor:#ffffff;\n}\n<\/style>\n<div  class='avia-image-container av-jufdkcze-3a08a5f26ea9f0d09706f0bf9d761f04 av-styling- avia-align-center  avia-builder-el-3  avia-builder-el-no-sibling '  itemprop=\"image\" itemscope=\"itemscope\" itemtype=\"https:\/\/schema.org\/ImageObject\" ><div class=\"avia-image-container-inner\"><div class=\"avia-image-overlay-wrap\"><a href=\"https:\/\/edizionizem.com\/libri\/i-ristoranti-della-tavolozza-2023\/\" class='avia_image' ><img decoding=\"async\" class='wp-image-12959 avia-img-lazy-loading-not-12959 avia_image' src=\"https:\/\/ristorantidellatavolozza.it\/wp-content\/uploads\/2026\/02\/Tavolozza-2026-Mockup-solo-fronte-Media.png\" alt='' title='Tavolozza 2026 Mockup solo fronte (Media)'  height=\"768\" width=\"731\"  itemprop=\"thumbnailUrl\" srcset=\"https:\/\/ristorantidellatavolozza.it\/wp-content\/uploads\/2026\/02\/Tavolozza-2026-Mockup-solo-fronte-Media.png 731w, https:\/\/ristorantidellatavolozza.it\/wp-content\/uploads\/2026\/02\/Tavolozza-2026-Mockup-solo-fronte-Media-428x450.png 428w, https:\/\/ristorantidellatavolozza.it\/wp-content\/uploads\/2026\/02\/Tavolozza-2026-Mockup-solo-fronte-Media-671x705.png 671w\" sizes=\"(max-width: 731px) 100vw, 731px\" \/><\/a><\/div><\/div><\/div><\/div>\n<style type=\"text\/css\" data-created_by=\"avia_inline_auto\" id=\"style-css-av-2vjs6t-27597960de086b203fa48614b38631ef\">\n.flex_column.av-2vjs6t-27597960de086b203fa48614b38631ef{\nborder-radius:0px 0px 0px 0px;\n-webkit-border-radius:0px 0px 0px 0px;\n-moz-border-radius:0px 0px 0px 0px;\n}\n<\/style>\n<div class='flex_column av-2vjs6t-27597960de086b203fa48614b38631ef av_one_half  avia-builder-el-4  el_after_av_one_half  avia-builder-el-last  flex_column_div av-zero-column-padding '   ><p>\n<style type=\"text\/css\" data-created_by=\"avia_inline_auto\" id=\"style-css-av-lniqn00k-f8fd678f4c1ad1e01c6c17ef215033df\">\n#top .av-special-heading.av-lniqn00k-f8fd678f4c1ad1e01c6c17ef215033df{\npadding-bottom:10px;\n}\nbody .av-special-heading.av-lniqn00k-f8fd678f4c1ad1e01c6c17ef215033df .av-special-heading-tag .heading-char{\nfont-size:25px;\n}\n.av-special-heading.av-lniqn00k-f8fd678f4c1ad1e01c6c17ef215033df .av-subheading{\nfont-size:15px;\n}\n<\/style>\n<div  class='av-special-heading av-lniqn00k-f8fd678f4c1ad1e01c6c17ef215033df av-special-heading-h2 blockquote modern-quote modern-centered  avia-builder-el-5  el_before_av_hr  avia-builder-el-first '><h2 class='av-special-heading-tag'  itemprop=\"headline\"  >i Ristoranti della Tavolozza 10\u00b0 Edizione<\/h2><div class=\"special-heading-border\"><div class=\"special-heading-inner-border\"><\/div><\/div><\/div><br \/>\n\n<style type=\"text\/css\" data-created_by=\"avia_inline_auto\" id=\"style-css-av-2xfxw5-d5d72c017dfcc7f49826473eee519bd6\">\n#top .hr.av-2xfxw5-d5d72c017dfcc7f49826473eee519bd6{\nmargin-top:10px;\nmargin-bottom:10px;\n}\n.hr.av-2xfxw5-d5d72c017dfcc7f49826473eee519bd6 .hr-inner{\nwidth:80%;\n}\n<\/style>\n<div  class='hr av-2xfxw5-d5d72c017dfcc7f49826473eee519bd6 hr-custom  avia-builder-el-6  el_after_av_heading  el_before_av_textblock  hr-center hr-icon-no'><span class='hr-inner inner-border-av-border-thin'><span class=\"hr-inner-style\"><\/span><\/span><\/div><br \/>\n\n<style type=\"text\/css\" data-created_by=\"avia_inline_auto\" id=\"style-css-av-jumwj9w8-88a56c7e2561b988c0945d155f41ab0e\">\n#top .av_textblock_section.av-jumwj9w8-88a56c7e2561b988c0945d155f41ab0e .avia_textblock{\nfont-size:14px;\n}\n<\/style>\n<section  class='av_textblock_section av-jumwj9w8-88a56c7e2561b988c0945d155f41ab0e'  itemscope=\"itemscope\" itemtype=\"https:\/\/schema.org\/CreativeWork\" ><div class='avia_textblock'  itemprop=\"text\" ><p>L\u2019associazione \u201cRistoranti della Tavolozza\u201d \u00e8 oggi un riferimento importante per quanti vogliono scoprire la cucina regionale autentica, dove la tradizione \u00e8 la protagonista della tavola. Uno strumento utile per scoprire locali accoglienti, dove \u00e8 possibile mangiare bene, ma anche per conoscere un territorio, la sua cultura, la sua tradizione ed i suoi personaggi. Locali, che utilizzano prodotti tutelati e garantiti, insieme a una proposta innovativa dell&#8217;accoglienza, certificata dall\u2019adozione del Decalogo della Tavolozza, che garantisce al cliente un&#8217;accoglienza unica, da ricordare e da raccontare.<br \/>\nI Ristoranti inseriti in questa pubblicazione sono luoghi non solo dove trovare ottimi chef, ma autentici testimoni delle produzioni locali. Indirizzi di una buona cucina a chilometro zero, legati alla stagionalit\u00e0 e alle produzioni agricole del territorio. Non ci sono giudizi o punteggi, ma suggerimenti e consigli insieme a preziose informazioni sui giorni di chiusura, numeri di telefono, prezzi medi dei men\u00f9 e siti internet.<\/p>\n<\/div><\/section><br \/>\n<div  class='av_promobox av-3a8z45-78beca013875a62c2e0156980f1f464b avia-button-yes  avia-builder-el-8  el_after_av_textblock  avia-builder-el-last '><div class='avia-promocontent'><p>\n<strong>SCHEDA TECNICA<\/strong><\/p>\n<ul>\n<li><strong>Formato<\/strong>: 148 x 210 mm.<\/li>\n<li><strong>Pagine<\/strong>: 288 a colori.<\/li>\n<li><strong>ISBN:<\/strong> 978-88-98477-65-4<\/li>\n<\/ul>\n<p>\n<\/div><div  class='avia-button-wrap avia-button-right ' ><a href='https:\/\/edizionizem.com\/libri\/i-ristoranti-della-tavolozza-2023\/' class='avia-button av-3a8z45-2f4e25d8706c86fb6951653a0ff51364 avia-icon_select-no avia-size-large avia-position-right avia-color-theme-color' target=\"_blank\" rel=\"noopener noreferrer\"><span class='avia_iconbox_title' >Acquista<\/span><\/a><\/div><\/div><\/p><\/div><\/div><\/div><\/div><!-- close content main div --><\/div><\/div><div id='av_section_2'  class='avia-section av-jumv9b3h-07a993fe6b8ed6867e9a0fd4d4b1be1e alternate_color avia-section-default avia-no-border-styling  avia-builder-el-9  el_after_av_section  avia-builder-el-last  avia-bg-style-scroll container_wrap sidebar_right'  ><div class='container av-section-cont-open' ><div class='template-page content  av-content-small alpha units'><div class='post-entry post-entry-type-page post-entry-3445'><div class='entry-content-wrapper clearfix'>\n\n<style type=\"text\/css\" data-created_by=\"avia_inline_auto\" id=\"style-css-av-4n40qd-e6ebd9dfced19b564b4d4f086ea63403\">\n#top .av-special-heading.av-4n40qd-e6ebd9dfced19b564b4d4f086ea63403{\npadding-bottom:10px;\nfont-size:3vw;\n}\nbody .av-special-heading.av-4n40qd-e6ebd9dfced19b564b4d4f086ea63403 .av-special-heading-tag .heading-char{\nfont-size:25px;\n}\n#top #wrap_all .av-special-heading.av-4n40qd-e6ebd9dfced19b564b4d4f086ea63403 .av-special-heading-tag{\nfont-size:3vw;\n}\n.av-special-heading.av-4n40qd-e6ebd9dfced19b564b4d4f086ea63403 .av-subheading{\nfont-size:15px;\n}\n<\/style>\n<div  class='av-special-heading av-4n40qd-e6ebd9dfced19b564b4d4f086ea63403 av-special-heading-h3 blockquote modern-quote modern-centered  avia-builder-el-10  el_before_av_mailchimp  avia-builder-el-first  av-inherit-size'><h3 class='av-special-heading-tag'  itemprop=\"headline\"  >Resta aggiornato<\/h3><div class=\"special-heading-border\"><div class=\"special-heading-inner-border\"><\/div><\/div><\/div>\n<form action=\"https:\/\/ristorantidellatavolozza.it\/en\/la-guida-i-ristoranti-della-tavolozza\/\" method=\"post\"  data-av-custom-send='mailchimp_send' class=\"avia_ajax_form av-form-labels-visible   avia-builder-el-11  el_after_av_heading  avia-builder-el-last   avia-mailchimp-form \" data-avia-form-id=\"1\" data-avia-redirect='' ><fieldset><p class='  first_form  form_element form_element_third' id='element_avia_1_1'><label for=\"avia_1_1\">Nome<\/label> <input name=\"avia_1_1\" class=\"text_input \" type=\"text\" id=\"avia_1_1\" value=\"\" \/><\/p><p class='  form_element form_element_third' id='element_avia_0_1'><label for=\"avia_0_1\">La tua Mail <abbr class=\"required\" title=\"required\">*<\/abbr><\/label> <input name=\"avia_0_1\" class=\"text_input is_email\" type=\"text\" id=\"avia_0_1\" value=\"\" \/><\/p><p class=\"form_element  form_element form_element_third av-last-visible-form-element modified_width\"><input type=\"hidden\" value=\"1\" name=\"avia_generated_form1\" \/><input type=\"submit\" value=\"Iscriviti\" class=\"button\"  data-sending-label=\"Sending\"\/><\/p><p class=\"hidden\"><input type=\"text\" name=\"avia_avia_username_1\" class=\"hidden \" id=\"avia_avia_username_1\" value=\"\" \/><\/p><\/fieldset><\/form><div id=\"ajaxresponse_1\" class=\"ajaxresponse ajaxresponse_1 hidden\"><\/div>\n<\/div><\/div><\/div><!-- close content main div --><\/div><\/div><div id='after_section_2'  class='main_color av_default_container_wrap container_wrap sidebar_right'  ><div class='container av-section-cont-open' ><div class='template-page content  av-content-small alpha units'><div class='post-entry post-entry-type-page post-entry-3445'><div class='entry-content-wrapper clearfix'><\/p>\n","protected":false},"excerpt":{"rendered":"","protected":false},"author":1,"featured_media":0,"parent":0,"menu_order":0,"comment_status":"closed","ping_status":"closed","template":"","meta":{"footnotes":""},"class_list":["post-3445","page","type-page","status-publish","hentry"],"yoast_head":"<!-- This site is optimized with the Yoast SEO plugin v27.3 - https:\/\/yoast.com\/product\/yoast-seo-wordpress\/ -->\n<title>La guida i ristoranti della Tavolozza<\/title>\n<meta name=\"robots\" content=\"index, follow, max-snippet:-1, max-image-preview:large, max-video-preview:-1\" \/>\n<link rel=\"canonical\" href=\"https:\/\/ristorantidellatavolozza.it\/en\/la-guida-i-ristoranti-della-tavolozza\/\" \/>\n<meta property=\"og:locale\" content=\"en_GB\" \/>\n<meta property=\"og:locale:alternate\" content=\"it_IT\" \/>\n<meta property=\"og:locale:alternate\" content=\"fr_FR\" \/>\n<meta property=\"og:type\" content=\"article\" \/>\n<meta property=\"og:title\" content=\"La guida i ristoranti della Tavolozza\" \/>\n<meta property=\"og:url\" content=\"https:\/\/ristorantidellatavolozza.it\/en\/la-guida-i-ristoranti-della-tavolozza\/\" \/>\n<meta property=\"og:site_name\" content=\"Ristoranti della Tavolozza\" \/>\n<meta property=\"article:publisher\" content=\"https:\/\/www.facebook.com\/ristorantidellatavolozza\/\" \/>\n<meta property=\"article:modified_time\" content=\"2026-02-09T12:12:48+00:00\" \/>\n<meta name=\"twitter:card\" content=\"summary_large_image\" \/>\n<meta name=\"twitter:label1\" content=\"Estimated reading time\" \/>\n\t<meta name=\"twitter:data1\" content=\"3 minutes\" \/>\n<script type=\"application\/ld+json\" class=\"yoast-schema-graph\">{\"@context\":\"https:\\\/\\\/schema.org\",\"@graph\":[{\"@type\":\"WebPage\",\"@id\":\"https:\\\/\\\/ristorantidellatavolozza.it\\\/la-guida-i-ristoranti-della-tavolozza\\\/\",\"url\":\"https:\\\/\\\/ristorantidellatavolozza.it\\\/la-guida-i-ristoranti-della-tavolozza\\\/\",\"name\":\"La guida i ristoranti della Tavolozza\",\"isPartOf\":{\"@id\":\"https:\\\/\\\/ristorantidellatavolozza.it\\\/#website\"},\"datePublished\":\"2019-04-13T10:10:49+00:00\",\"dateModified\":\"2026-02-09T12:12:48+00:00\",\"inLanguage\":\"en-GB\",\"potentialAction\":[{\"@type\":\"ReadAction\",\"target\":[\"https:\\\/\\\/ristorantidellatavolozza.it\\\/la-guida-i-ristoranti-della-tavolozza\\\/\"]}]},{\"@type\":\"WebSite\",\"@id\":\"https:\\\/\\\/ristorantidellatavolozza.it\\\/#website\",\"url\":\"https:\\\/\\\/ristorantidellatavolozza.it\\\/\",\"name\":\"Ristoranti della Tavolozza\",\"description\":\"Sito web dell&#039;associazione Ristoranti della Tavolozza\",\"potentialAction\":[{\"@type\":\"SearchAction\",\"target\":{\"@type\":\"EntryPoint\",\"urlTemplate\":\"https:\\\/\\\/ristorantidellatavolozza.it\\\/?s={search_term_string}\"},\"query-input\":{\"@type\":\"PropertyValueSpecification\",\"valueRequired\":true,\"valueName\":\"search_term_string\"}}],\"inLanguage\":\"en-GB\"}]}<\/script>\n<!-- \/ Yoast SEO plugin. -->","yoast_head_json":{"title":"La guida i ristoranti della Tavolozza","robots":{"index":"index","follow":"follow","max-snippet":"max-snippet:-1","max-image-preview":"max-image-preview:large","max-video-preview":"max-video-preview:-1"},"canonical":"https:\/\/ristorantidellatavolozza.it\/en\/la-guida-i-ristoranti-della-tavolozza\/","og_locale":"en_GB","og_type":"article","og_title":"[:it]La guida i ristoranti della Tavolozza[:] - Ristoranti della Tavolozza","og_url":"https:\/\/ristorantidellatavolozza.it\/en\/la-guida-i-ristoranti-della-tavolozza\/","og_site_name":"Ristoranti della Tavolozza","article_publisher":"https:\/\/www.facebook.com\/ristorantidellatavolozza\/","article_modified_time":"2026-02-09T12:12:48+00:00","twitter_card":"summary_large_image","twitter_misc":{"Estimated reading time":"3 minutes"},"schema":{"@context":"https:\/\/schema.org","@graph":[{"@type":"WebPage","@id":"https:\/\/ristorantidellatavolozza.it\/la-guida-i-ristoranti-della-tavolozza\/","url":"https:\/\/ristorantidellatavolozza.it\/la-guida-i-ristoranti-della-tavolozza\/","name":"La guida i ristoranti della Tavolozza","isPartOf":{"@id":"https:\/\/ristorantidellatavolozza.it\/#website"},"datePublished":"2019-04-13T10:10:49+00:00","dateModified":"2026-02-09T12:12:48+00:00","inLanguage":"en-GB","potentialAction":[{"@type":"ReadAction","target":["https:\/\/ristorantidellatavolozza.it\/la-guida-i-ristoranti-della-tavolozza\/"]}]},{"@type":"WebSite","@id":"https:\/\/ristorantidellatavolozza.it\/#website","url":"https:\/\/ristorantidellatavolozza.it\/","name":"Ristoranti della Tavolozza","description":"Sito web dell&#039;associazione Ristoranti della Tavolozza","potentialAction":[{"@type":"SearchAction","target":{"@type":"EntryPoint","urlTemplate":"https:\/\/ristorantidellatavolozza.it\/?s={search_term_string}"},"query-input":{"@type":"PropertyValueSpecification","valueRequired":true,"valueName":"search_term_string"}}],"inLanguage":"en-GB"}]}},"_links":{"self":[{"href":"https:\/\/ristorantidellatavolozza.it\/en\/wp-json\/wp\/v2\/pages\/3445","targetHints":{"allow":["GET"]}}],"collection":[{"href":"https:\/\/ristorantidellatavolozza.it\/en\/wp-json\/wp\/v2\/pages"}],"about":[{"href":"https:\/\/ristorantidellatavolozza.it\/en\/wp-json\/wp\/v2\/types\/page"}],"author":[{"embeddable":true,"href":"https:\/\/ristorantidellatavolozza.it\/en\/wp-json\/wp\/v2\/users\/1"}],"replies":[{"embeddable":true,"href":"https:\/\/ristorantidellatavolozza.it\/en\/wp-json\/wp\/v2\/comments?post=3445"}],"version-history":[{"count":49,"href":"https:\/\/ristorantidellatavolozza.it\/en\/wp-json\/wp\/v2\/pages\/3445\/revisions"}],"predecessor-version":[{"id":12970,"href":"https:\/\/ristorantidellatavolozza.it\/en\/wp-json\/wp\/v2\/pages\/3445\/revisions\/12970"}],"wp:attachment":[{"href":"https:\/\/ristorantidellatavolozza.it\/en\/wp-json\/wp\/v2\/media?parent=3445"}],"curies":[{"name":"wp","href":"https:\/\/api.w.org\/{rel}","templated":true}]}}